{"id":1484,"date":"2022-07-12T09:27:52","date_gmt":"2022-07-12T09:27:52","guid":{"rendered":"https:\/\/libra.upk-baustelle.de\/?page_id=1484"},"modified":"2023-02-16T08:17:18","modified_gmt":"2023-02-16T08:17:18","slug":"ansprechpartner","status":"publish","type":"page","link":"https:\/\/steuerberatung-libra.de\/index.php\/ansprechpartner\/","title":{"rendered":"Ansprechpartner"},"content":{"rendered":"\t\t<div data-elementor-type=\"wp-page\" data-elementor-id=\"1484\" class=\"elementor elementor-1484\" data-elementor-post-type=\"page\">\n\t\t\t\t\t\t<section class=\"elementor-section elementor-top-section elementor-element elementor-element-afeda0e elementor-section-content-middle elementor-section-boxed elementor-section-height-default elementor-section-height-default\" data-id=\"afeda0e\" data-element_type=\"section\" data-settings=\"{&quot;background_background&quot;:&quot;classic&quot;}\">\n\t\t\t\t\t\t<div class=\"elementor-container elementor-column-gap-default\">\n\t\t\t\t\t<div class=\"elementor-column elementor-col-50 elementor-top-column elementor-element elementor-element-143694d elementor-invisible\" data-id=\"143694d\" data-element_type=\"column\" data-settings=\"{&quot;animation&quot;:&quot;fadeInLeft&quot;,&quot;animation_delay&quot;:900}\">\n\t\t\t<div class=\"elementor-widget-wrap elementor-element-populated\">\n\t\t\t\t\t\t<section class=\"elementor-section elementor-inner-section elementor-element elementor-element-cb2b458 elementor-section-full_width elementor-section-height-default elementor-section-height-default\" data-id=\"cb2b458\" data-element_type=\"section\" data-settings=\"{&quot;animation&quot;:&quot;none&quot;,&quot;animation_delay&quot;:150}\">\n\t\t\t\t\t\t<div class=\"elementor-container elementor-column-gap-no\">\n\t\t\t\t\t<div class=\"elementor-column elementor-col-100 elementor-inner-column elementor-element elementor-element-24d5109\" data-id=\"24d5109\" data-element_type=\"column\">\n\t\t\t<div class=\"elementor-widget-wrap elementor-element-populated\">\n\t\t\t\t\t\t<div class=\"elementor-element elementor-element-1da2aa7 elementor-widget__width-auto elementor-widget-divider--view-line elementor-widget elementor-widget-divider\" data-id=\"1da2aa7\" data-element_type=\"widget\" data-widget_type=\"divider.default\">\n\t\t\t\t<div class=\"elementor-widget-container\">\n\t\t\t\t\t<div class=\"elementor-divider\">\n\t\t\t<span class=\"elementor-divider-separator\">\n\t\t\t\t\t\t<\/span>\n\t\t<\/div>\n\t\t\t\t<\/div>\n\t\t\t\t<\/div>\n\t\t\t\t<div class=\"elementor-element elementor-element-b2555c0 elementor-widget elementor-widget-heading\" data-id=\"b2555c0\" data-element_type=\"widget\" data-widget_type=\"heading.default\">\n\t\t\t\t<div class=\"elementor-widget-container\">\n\t\t\t<h1 class=\"elementor-heading-title elementor-size-default\">Unsere Gesch\u00e4ftsf\u00fchrer und Berater<\/h1>\t\t<\/div>\n\t\t\t\t<\/div>\n\t\t\t\t\t<\/div>\n\t\t<\/div>\n\t\t\t\t\t<\/div>\n\t\t<\/section>\n\t\t\t\t\t<\/div>\n\t\t<\/div>\n\t\t\t\t<div class=\"elementor-column elementor-col-50 elementor-top-column elementor-element elementor-element-5246455 elementor-invisible\" data-id=\"5246455\" data-element_type=\"column\" data-settings=\"{&quot;animation&quot;:&quot;fadeInRight&quot;,&quot;animation_delay&quot;:900}\">\n\t\t\t<div class=\"elementor-widget-wrap\">\n\t\t\t\t\t\t\t<\/div>\n\t\t<\/div>\n\t\t\t\t\t<\/div>\n\t\t<\/section>\n\t\t\t\t<section class=\"elementor-section elementor-top-section elementor-element elementor-element-a37f14b elementor-reverse-mobile elementor-section-boxed elementor-section-height-default elementor-section-height-default\" data-id=\"a37f14b\" data-element_type=\"section\" data-settings=\"{&quot;background_background&quot;:&quot;classic&quot;}\">\n\t\t\t\t\t\t<div class=\"elementor-container elementor-column-gap-default\">\n\t\t\t\t\t<div class=\"elementor-column elementor-col-50 elementor-top-column elementor-element elementor-element-7546a2f\" data-id=\"7546a2f\" data-element_type=\"column\">\n\t\t\t<div class=\"elementor-widget-wrap elementor-element-populated\">\n\t\t\t\t\t\t<div class=\"elementor-element elementor-element-8b58309 elementor-widget elementor-widget-image\" data-id=\"8b58309\" data-element_type=\"widget\" data-widget_type=\"image.default\">\n\t\t\t\t<div class=\"elementor-widget-container\">\n\t\t\t\t\t\t\t\t\t\t\t\t\t<img fetchpriority=\"high\" decoding=\"async\" width=\"2446\" height=\"1566\" src=\"https:\/\/steuerberatung-libra.de\/wp-content\/uploads\/2022\/06\/Libra_Steuerbuero_Felix_schleithoff.jpg\" class=\"attachment-full size-full wp-image-1265\" alt=\"\" srcset=\"https:\/\/steuerberatung-libra.de\/wp-content\/uploads\/2022\/06\/Libra_Steuerbuero_Felix_schleithoff.jpg 2446w, https:\/\/steuerberatung-libra.de\/wp-content\/uploads\/2022\/06\/Libra_Steuerbuero_Felix_schleithoff-300x192.jpg 300w, https:\/\/steuerberatung-libra.de\/wp-content\/uploads\/2022\/06\/Libra_Steuerbuero_Felix_schleithoff-1024x656.jpg 1024w, https:\/\/steuerberatung-libra.de\/wp-content\/uploads\/2022\/06\/Libra_Steuerbuero_Felix_schleithoff-768x492.jpg 768w, https:\/\/steuerberatung-libra.de\/wp-content\/uploads\/2022\/06\/Libra_Steuerbuero_Felix_schleithoff-1536x983.jpg 1536w, https:\/\/steuerberatung-libra.de\/wp-content\/uploads\/2022\/06\/Libra_Steuerbuero_Felix_schleithoff-2048x1311.jpg 2048w\" sizes=\"(max-width: 2446px) 100vw, 2446px\" \/>\t\t\t\t\t\t\t\t\t\t\t\t\t<\/div>\n\t\t\t\t<\/div>\n\t\t\t\t<div class=\"elementor-element elementor-element-969e107 elementor-widget elementor-widget-accordion\" data-id=\"969e107\" data-element_type=\"widget\" data-widget_type=\"accordion.default\">\n\t\t\t\t<div class=\"elementor-widget-container\">\n\t\t\t\t\t<div class=\"elementor-accordion\">\n\t\t\t\t\t\t\t<div class=\"elementor-accordion-item\">\n\t\t\t\t\t<div id=\"elementor-tab-title-1571\" class=\"elementor-tab-title\" data-tab=\"1\" role=\"button\" aria-controls=\"elementor-tab-content-1571\" aria-expanded=\"false\">\n\t\t\t\t\t\t\t\t\t\t\t\t\t<span class=\"elementor-accordion-icon elementor-accordion-icon-right\" aria-hidden=\"true\">\n\t\t\t\t\t\t\t\t\t\t\t\t\t\t\t<span class=\"elementor-accordion-icon-closed\"><i class=\"fas fa-chevron-down\"><\/i><\/span>\n\t\t\t\t\t\t\t\t<span class=\"elementor-accordion-icon-opened\"><i class=\"fas fa-chevron-up\"><\/i><\/span>\n\t\t\t\t\t\t\t\t\t\t\t\t\t\t<\/span>\n\t\t\t\t\t\t\t\t\t\t\t\t<a class=\"elementor-accordion-title\" tabindex=\"0\">Dr. Felix Schleithoff<\/a>\n\t\t\t\t\t<\/div>\n\t\t\t\t\t<div id=\"elementor-tab-content-1571\" class=\"elementor-tab-content elementor-clearfix\" data-tab=\"1\" role=\"region\" aria-labelledby=\"elementor-tab-title-1571\"><p><strong>Gesch\u00e4ftsf\u00fchrer<br \/><\/strong><span class=\"small\">Felix Schleithoff studierte von 1995 bis 2001 Betriebswirtschaftslehre an der Westf\u00e4lischen Wilhelms\u00ad Universit\u00e4t M\u00fcnster. In 2004 wurde er zum Steuerberater, in 2008 zum Wirtschaftspr\u00fcfer bestellt. Im Jahr 2006 promovierte Herr Schleithoff an der wirtschaftswissenschaftlichen Fakult\u00e4t der Westf\u00e4lischen Wilhelms-Universit\u00e4t M\u00fcnster.<\/span><\/p><p><span class=\"small\">Seit Jahr 2001 ber\u00e4t Herr Schleithoff Heilberufler unterschiedlicher Fachrichtungen in verschiedenartigen Berufsaus\u00fcbungsformen. Sein Beratungsspektrum reicht von der qualifizierten Beurteilung steuerlicher Fragen im Rahmen j\u00e4hrlich wiederkehrender Steuererkl\u00e4rungen (z. B. Einkommensteuererkl\u00e4rungen) bis zur umfassenden Begleitung von Sondersachverhalten (z. B. Praxisgr\u00fcndung oder Praxiskauf\/-verkauf). Als Wirtschaftspr\u00fcfer ist er zudem ein gesch\u00e4tzter Ansprechpartner f\u00fcr buchhalterische und bilanzielle Fragestellungen.<\/span><\/p><p><span class=\"small\">Seit September 2017 ist Herr Schleithoff als gesch\u00e4ftsf\u00fchrender Gesellschafter f\u00fcr die LIBRA t\u00e4tig.<\/span><\/p><\/div>\n\t\t\t\t<\/div>\n\t\t\t\t\t\t\t\t<\/div>\n\t\t\t\t<\/div>\n\t\t\t\t<\/div>\n\t\t\t\t\t<\/div>\n\t\t<\/div>\n\t\t\t\t<div class=\"elementor-column elementor-col-50 elementor-top-column elementor-element elementor-element-53e942f\" data-id=\"53e942f\" data-element_type=\"column\">\n\t\t\t<div class=\"elementor-widget-wrap\">\n\t\t\t\t\t\t\t<\/div>\n\t\t<\/div>\n\t\t\t\t\t<\/div>\n\t\t<\/section>\n\t\t\t\t<section class=\"elementor-section elementor-top-section elementor-element elementor-element-514a4ac elementor-section-boxed elementor-section-height-default elementor-section-height-default\" data-id=\"514a4ac\" data-element_type=\"section\" data-settings=\"{&quot;background_background&quot;:&quot;classic&quot;}\">\n\t\t\t\t\t\t<div class=\"elementor-container elementor-column-gap-default\">\n\t\t\t\t\t<div class=\"elementor-column elementor-col-25 elementor-top-column elementor-element elementor-element-3d19bfd elementor-invisible\" data-id=\"3d19bfd\" data-element_type=\"column\" data-settings=\"{&quot;animation&quot;:&quot;fadeIn&quot;,&quot;animation_delay&quot;:150}\">\n\t\t\t<div class=\"elementor-widget-wrap elementor-element-populated\">\n\t\t\t\t\t\t<div class=\"elementor-element elementor-element-704e407 elementor-widget elementor-widget-boosted-elements-team-member\" data-id=\"704e407\" data-element_type=\"widget\" data-widget_type=\"boosted-elements-team-member.default\">\n\t\t\t\t<div class=\"elementor-widget-container\">\n\t\t\t\t\n\t\n\n\t<div class=\"boosted-elements-progression-team-member-container \">\t\n\t\t\n\t \t\t\t\t<div class=\"boosted-elements-team-image\"><div class=\"boosted-elements-team-image-border-shadow\"><img decoding=\"async\" src=\"https:\/\/steuerberatung-libra.de\/wp-content\/uploads\/2022\/06\/Becks.jpeg\" alt=\"Markus Becks\"><\/div>\n\t\t\n\t\t\t\t\n\t\t\t\t\n\t\t<\/div>\n\t \t\t\n\t \n\t \n\t \t<div class=\"boosted-elements-team-content\">\n\t\t\t\t\t<h4 class=\"boosted-elements-team-heading\"><span >Markus Becks<\/span><\/h4>\t\t\t\t\t\t\t<h5 class=\"boosted-elements-team-job-title\"><span >Steuerberater<\/span><\/h5>\n\t\t\t\t\t\t\n\t\t\n\t\t\t\t\n\t\t\n\t\t\n\t\t\t\t\n\t\t<div class=\"clearfix-boosted-element\"><\/div>\n\t\t\n\t<\/div>\n\t\t\n\t<div class=\"clearfix-boosted-element\"><\/div>\n\t\n\t<\/div><!-- close .boosted-elements-progression-team-member-container -->\n\t\n\t\n\t\t\t<\/div>\n\t\t\t\t<\/div>\n\t\t\t\t\t<\/div>\n\t\t<\/div>\n\t\t\t\t<div class=\"elementor-column elementor-col-25 elementor-top-column elementor-element elementor-element-befe01e elementor-invisible\" data-id=\"befe01e\" data-element_type=\"column\" data-settings=\"{&quot;animation&quot;:&quot;fadeIn&quot;}\">\n\t\t\t<div class=\"elementor-widget-wrap elementor-element-populated\">\n\t\t\t\t\t\t<div class=\"elementor-element elementor-element-0965a08 elementor-widget elementor-widget-boosted-elements-team-member\" data-id=\"0965a08\" data-element_type=\"widget\" data-widget_type=\"boosted-elements-team-member.default\">\n\t\t\t\t<div class=\"elementor-widget-container\">\n\t\t\t\t\n\t\n\n\t<div class=\"boosted-elements-progression-team-member-container \">\t\n\t\t\n\t \t\t\t\t<div class=\"boosted-elements-team-image\"><div class=\"boosted-elements-team-image-border-shadow\"><img decoding=\"async\" src=\"https:\/\/steuerberatung-libra.de\/wp-content\/uploads\/elementor\/thumbs\/Morozowski-scaled-psbyxwhmisgbh9r7awle1htzbz81my8k1rp0jobdei.jpg\" alt=\"Michael Helker\"><\/div>\n\t\t\n\t\t\t\t\n\t\t\t\t\n\t\t<\/div>\n\t \t\t\n\t \n\t \n\t \t<div class=\"boosted-elements-team-content\">\n\t\t\t\t\t<h4 class=\"boosted-elements-team-heading\"><span >Michael Helker<\/span><\/h4>\t\t\t\t\t\t\t<h5 class=\"boosted-elements-team-job-title\"><span >Steuerberater<\/span><\/h5>\n\t\t\t\t\t\t\n\t\t\n\t\t\t\t\n\t\t\n\t\t\n\t\t\t\t\n\t\t<div class=\"clearfix-boosted-element\"><\/div>\n\t\t\n\t<\/div>\n\t\t\n\t<div class=\"clearfix-boosted-element\"><\/div>\n\t\n\t<\/div><!-- close .boosted-elements-progression-team-member-container -->\n\t\n\t\n\t\t\t<\/div>\n\t\t\t\t<\/div>\n\t\t\t\t\t<\/div>\n\t\t<\/div>\n\t\t\t\t<div class=\"elementor-column elementor-col-25 elementor-top-column elementor-element elementor-element-5cb9a1b elementor-invisible\" data-id=\"5cb9a1b\" data-element_type=\"column\" data-settings=\"{&quot;animation&quot;:&quot;fadeIn&quot;,&quot;animation_delay&quot;:300}\">\n\t\t\t<div class=\"elementor-widget-wrap elementor-element-populated\">\n\t\t\t\t\t\t<div class=\"elementor-element elementor-element-2f6c838 elementor-widget elementor-widget-boosted-elements-team-member\" data-id=\"2f6c838\" data-element_type=\"widget\" data-widget_type=\"boosted-elements-team-member.default\">\n\t\t\t\t<div class=\"elementor-widget-container\">\n\t\t\t\t\n\t\n\n\t<div class=\"boosted-elements-progression-team-member-container \">\t\n\t\t\n\t \t\t\t\t<div class=\"boosted-elements-team-image\"><div class=\"boosted-elements-team-image-border-shadow\"><img decoding=\"async\" src=\"https:\/\/steuerberatung-libra.de\/wp-content\/uploads\/2022\/06\/Prochotta.jpeg\" alt=\"Frank Prochotta\"><\/div>\n\t\t\n\t\t\t\t\n\t\t\t\t\n\t\t<\/div>\n\t \t\t\n\t \n\t \n\t \t<div class=\"boosted-elements-team-content\">\n\t\t\t\t\t<h4 class=\"boosted-elements-team-heading\"><span >Frank Prochotta<\/span><\/h4>\t\t\t\t\t\t\t\t\n\t\t\n\t\t\t\t\n\t\t\n\t\t\n\t\t\t\t\n\t\t<div class=\"clearfix-boosted-element\"><\/div>\n\t\t\n\t<\/div>\n\t\t\n\t<div class=\"clearfix-boosted-element\"><\/div>\n\t\n\t<\/div><!-- close .boosted-elements-progression-team-member-container -->\n\t\n\t\n\t\t\t<\/div>\n\t\t\t\t<\/div>\n\t\t\t\t\t<\/div>\n\t\t<\/div>\n\t\t\t\t<div class=\"elementor-column elementor-col-25 elementor-top-column elementor-element elementor-element-3127de7 elementor-invisible\" data-id=\"3127de7\" data-element_type=\"column\" data-settings=\"{&quot;animation&quot;:&quot;fadeIn&quot;,&quot;animation_delay&quot;:450}\">\n\t\t\t<div class=\"elementor-widget-wrap elementor-element-populated\">\n\t\t\t\t\t\t<div class=\"elementor-element elementor-element-37bac5b elementor-widget elementor-widget-boosted-elements-team-member\" data-id=\"37bac5b\" data-element_type=\"widget\" data-widget_type=\"boosted-elements-team-member.default\">\n\t\t\t\t<div class=\"elementor-widget-container\">\n\t\t\t\t\n\t\n\n\t<div class=\"boosted-elements-progression-team-member-container \">\t\n\t\t\n\t \t\t\t\t<div class=\"boosted-elements-team-image\"><div class=\"boosted-elements-team-image-border-shadow\"><img decoding=\"async\" src=\"https:\/\/steuerberatung-libra.de\/wp-content\/uploads\/2022\/06\/vera_schleithoff.jpeg\" alt=\"Vera Schleithoff\"><\/div>\n\t\t\n\t\t\t\t\n\t\t\t\t\n\t\t<\/div>\n\t \t\t\n\t \n\t \n\t \t<div class=\"boosted-elements-team-content\">\n\t\t\t\t\t<h4 class=\"boosted-elements-team-heading\"><span >Vera Schleithoff<\/span><\/h4>\t\t\t\t\t\t\t<h5 class=\"boosted-elements-team-job-title\"><span >Steuerberaterin<\/span><\/h5>\n\t\t\t\t\t\t\n\t\t\n\t\t\t\t\n\t\t\n\t\t\n\t\t\t\t\n\t\t<div class=\"clearfix-boosted-element\"><\/div>\n\t\t\n\t<\/div>\n\t\t\n\t<div class=\"clearfix-boosted-element\"><\/div>\n\t\n\t<\/div><!-- close .boosted-elements-progression-team-member-container -->\n\t\n\t\n\t\t\t<\/div>\n\t\t\t\t<\/div>\n\t\t\t\t\t<\/div>\n\t\t<\/div>\n\t\t\t\t\t<\/div>\n\t\t<\/section>\n\t\t\t\t<\/div>\n\t\t","protected":false},"excerpt":{"rendered":"<p>Unsere Gesch\u00e4ftsf\u00fchrer und Berater Dr. Felix Schleithoff Gesch\u00e4ftsf\u00fchrerFelix Schleithoff studierte von 1995 bis 2001 Betriebswirtschaftslehre an der Westf\u00e4lischen Wilhelms\u00ad Universit\u00e4t M\u00fcnster. In 2004 wurde er zum Steuerberater, in 2008 zum Wirtschaftspr\u00fcfer bestellt. Im Jahr 2006 promovierte Herr Schleithoff an der wirtschaftswissenschaftlichen Fakult\u00e4t der Westf\u00e4lischen Wilhelms-Universit\u00e4t M\u00fcnster. Seit Jahr 2001 ber\u00e4t Herr Schleithoff Heilberufler unterschiedlicher Fachrichtungen [&hellip;]<\/p>\n","protected":false},"author":1,"featured_media":0,"parent":0,"menu_order":0,"comment_status":"closed","ping_status":"closed","template":"","meta":{"footnotes":""},"class_list":["post-1484","page","type-page","status-publish","hentry"],"yoast_head":"<!-- This site is optimized with the Yoast SEO plugin v23.4 - https:\/\/yoast.com\/wordpress\/plugins\/seo\/ -->\n<title>Ansprechpartner - Libra Steuerberatung<\/title>\n<meta name=\"robots\" content=\"index, follow, max-snippet:-1, max-image-preview:large, max-video-preview:-1\" \/>\n<link rel=\"canonical\" href=\"https:\/\/steuerberatung-libra.de\/index.php\/ansprechpartner\/\" \/>\n<meta property=\"og:locale\" content=\"de_DE\" \/>\n<meta property=\"og:type\" content=\"article\" \/>\n<meta property=\"og:title\" content=\"Ansprechpartner - Libra Steuerberatung\" \/>\n<meta property=\"og:description\" content=\"Unsere Gesch\u00e4ftsf\u00fchrer und Berater Dr. Felix Schleithoff Gesch\u00e4ftsf\u00fchrerFelix Schleithoff studierte von 1995 bis 2001 Betriebswirtschaftslehre an der Westf\u00e4lischen Wilhelms\u00ad Universit\u00e4t M\u00fcnster. In 2004 wurde er zum Steuerberater, in 2008 zum Wirtschaftspr\u00fcfer bestellt. Im Jahr 2006 promovierte Herr Schleithoff an der wirtschaftswissenschaftlichen Fakult\u00e4t der Westf\u00e4lischen Wilhelms-Universit\u00e4t M\u00fcnster. Seit Jahr 2001 ber\u00e4t Herr Schleithoff Heilberufler unterschiedlicher Fachrichtungen [&hellip;]\" \/>\n<meta property=\"og:url\" content=\"https:\/\/steuerberatung-libra.de\/index.php\/ansprechpartner\/\" \/>\n<meta property=\"og:site_name\" content=\"Libra Steuerberatung\" \/>\n<meta property=\"article:modified_time\" content=\"2023-02-16T08:17:18+00:00\" \/>\n<meta property=\"og:image\" content=\"https:\/\/steuerberatung-libra.de\/wp-content\/uploads\/2022\/06\/Libra_Steuerbuero_Felix_schleithoff.jpg\" \/>\n<meta name=\"twitter:card\" content=\"summary_large_image\" \/>\n<meta name=\"twitter:label1\" content=\"Gesch\u00e4tzte Lesezeit\" \/>\n\t<meta name=\"twitter:data1\" content=\"2\u00a0Minuten\" \/>\n<script type=\"application\/ld+json\" class=\"yoast-schema-graph\">{\"@context\":\"https:\/\/schema.org\",\"@graph\":[{\"@type\":\"WebPage\",\"@id\":\"https:\/\/steuerberatung-libra.de\/index.php\/ansprechpartner\/\",\"url\":\"https:\/\/steuerberatung-libra.de\/index.php\/ansprechpartner\/\",\"name\":\"Ansprechpartner - Libra Steuerberatung\",\"isPartOf\":{\"@id\":\"https:\/\/steuerberatung-libra.de\/#website\"},\"primaryImageOfPage\":{\"@id\":\"https:\/\/steuerberatung-libra.de\/index.php\/ansprechpartner\/#primaryimage\"},\"image\":{\"@id\":\"https:\/\/steuerberatung-libra.de\/index.php\/ansprechpartner\/#primaryimage\"},\"thumbnailUrl\":\"https:\/\/steuerberatung-libra.de\/wp-content\/uploads\/2022\/06\/Libra_Steuerbuero_Felix_schleithoff.jpg\",\"datePublished\":\"2022-07-12T09:27:52+00:00\",\"dateModified\":\"2023-02-16T08:17:18+00:00\",\"breadcrumb\":{\"@id\":\"https:\/\/steuerberatung-libra.de\/index.php\/ansprechpartner\/#breadcrumb\"},\"inLanguage\":\"de\",\"potentialAction\":[{\"@type\":\"ReadAction\",\"target\":[\"https:\/\/steuerberatung-libra.de\/index.php\/ansprechpartner\/\"]}]},{\"@type\":\"ImageObject\",\"inLanguage\":\"de\",\"@id\":\"https:\/\/steuerberatung-libra.de\/index.php\/ansprechpartner\/#primaryimage\",\"url\":\"https:\/\/steuerberatung-libra.de\/wp-content\/uploads\/2022\/06\/Libra_Steuerbuero_Felix_schleithoff.jpg\",\"contentUrl\":\"https:\/\/steuerberatung-libra.de\/wp-content\/uploads\/2022\/06\/Libra_Steuerbuero_Felix_schleithoff.jpg\",\"width\":2446,\"height\":1566},{\"@type\":\"BreadcrumbList\",\"@id\":\"https:\/\/steuerberatung-libra.de\/index.php\/ansprechpartner\/#breadcrumb\",\"itemListElement\":[{\"@type\":\"ListItem\",\"position\":1,\"name\":\"Startseite\",\"item\":\"https:\/\/steuerberatung-libra.de\/\"},{\"@type\":\"ListItem\",\"position\":2,\"name\":\"Ansprechpartner\"}]},{\"@type\":\"WebSite\",\"@id\":\"https:\/\/steuerberatung-libra.de\/#website\",\"url\":\"https:\/\/steuerberatung-libra.de\/\",\"name\":\"Libra Steuerberatung\",\"description\":\"Just another WordPress site\",\"potentialAction\":[{\"@type\":\"SearchAction\",\"target\":{\"@type\":\"EntryPoint\",\"urlTemplate\":\"https:\/\/steuerberatung-libra.de\/?s={search_term_string}\"},\"query-input\":{\"@type\":\"PropertyValueSpecification\",\"valueRequired\":true,\"valueName\":\"search_term_string\"}}],\"inLanguage\":\"de\"}]}<\/script>\n<!-- \/ Yoast SEO plugin. -->","yoast_head_json":{"title":"Ansprechpartner - Libra Steuerberatung","robots":{"index":"index","follow":"follow","max-snippet":"max-snippet:-1","max-image-preview":"max-image-preview:large","max-video-preview":"max-video-preview:-1"},"canonical":"https:\/\/steuerberatung-libra.de\/index.php\/ansprechpartner\/","og_locale":"de_DE","og_type":"article","og_title":"Ansprechpartner - Libra Steuerberatung","og_description":"Unsere Gesch\u00e4ftsf\u00fchrer und Berater Dr. Felix Schleithoff Gesch\u00e4ftsf\u00fchrerFelix Schleithoff studierte von 1995 bis 2001 Betriebswirtschaftslehre an der Westf\u00e4lischen Wilhelms\u00ad Universit\u00e4t M\u00fcnster. In 2004 wurde er zum Steuerberater, in 2008 zum Wirtschaftspr\u00fcfer bestellt. Im Jahr 2006 promovierte Herr Schleithoff an der wirtschaftswissenschaftlichen Fakult\u00e4t der Westf\u00e4lischen Wilhelms-Universit\u00e4t M\u00fcnster. Seit Jahr 2001 ber\u00e4t Herr Schleithoff Heilberufler unterschiedlicher Fachrichtungen [&hellip;]","og_url":"https:\/\/steuerberatung-libra.de\/index.php\/ansprechpartner\/","og_site_name":"Libra Steuerberatung","article_modified_time":"2023-02-16T08:17:18+00:00","og_image":[{"url":"https:\/\/steuerberatung-libra.de\/wp-content\/uploads\/2022\/06\/Libra_Steuerbuero_Felix_schleithoff.jpg"}],"twitter_card":"summary_large_image","twitter_misc":{"Gesch\u00e4tzte Lesezeit":"2\u00a0Minuten"},"schema":{"@context":"https:\/\/schema.org","@graph":[{"@type":"WebPage","@id":"https:\/\/steuerberatung-libra.de\/index.php\/ansprechpartner\/","url":"https:\/\/steuerberatung-libra.de\/index.php\/ansprechpartner\/","name":"Ansprechpartner - Libra Steuerberatung","isPartOf":{"@id":"https:\/\/steuerberatung-libra.de\/#website"},"primaryImageOfPage":{"@id":"https:\/\/steuerberatung-libra.de\/index.php\/ansprechpartner\/#primaryimage"},"image":{"@id":"https:\/\/steuerberatung-libra.de\/index.php\/ansprechpartner\/#primaryimage"},"thumbnailUrl":"https:\/\/steuerberatung-libra.de\/wp-content\/uploads\/2022\/06\/Libra_Steuerbuero_Felix_schleithoff.jpg","datePublished":"2022-07-12T09:27:52+00:00","dateModified":"2023-02-16T08:17:18+00:00","breadcrumb":{"@id":"https:\/\/steuerberatung-libra.de\/index.php\/ansprechpartner\/#breadcrumb"},"inLanguage":"de","potentialAction":[{"@type":"ReadAction","target":["https:\/\/steuerberatung-libra.de\/index.php\/ansprechpartner\/"]}]},{"@type":"ImageObject","inLanguage":"de","@id":"https:\/\/steuerberatung-libra.de\/index.php\/ansprechpartner\/#primaryimage","url":"https:\/\/steuerberatung-libra.de\/wp-content\/uploads\/2022\/06\/Libra_Steuerbuero_Felix_schleithoff.jpg","contentUrl":"https:\/\/steuerberatung-libra.de\/wp-content\/uploads\/2022\/06\/Libra_Steuerbuero_Felix_schleithoff.jpg","width":2446,"height":1566},{"@type":"BreadcrumbList","@id":"https:\/\/steuerberatung-libra.de\/index.php\/ansprechpartner\/#breadcrumb","itemListElement":[{"@type":"ListItem","position":1,"name":"Startseite","item":"https:\/\/steuerberatung-libra.de\/"},{"@type":"ListItem","position":2,"name":"Ansprechpartner"}]},{"@type":"WebSite","@id":"https:\/\/steuerberatung-libra.de\/#website","url":"https:\/\/steuerberatung-libra.de\/","name":"Libra Steuerberatung","description":"Just another WordPress site","potentialAction":[{"@type":"SearchAction","target":{"@type":"EntryPoint","urlTemplate":"https:\/\/steuerberatung-libra.de\/?s={search_term_string}"},"query-input":{"@type":"PropertyValueSpecification","valueRequired":true,"valueName":"search_term_string"}}],"inLanguage":"de"}]}},"_links":{"self":[{"href":"https:\/\/steuerberatung-libra.de\/index.php\/wp-json\/wp\/v2\/pages\/1484","targetHints":{"allow":["GET"]}}],"collection":[{"href":"https:\/\/steuerberatung-libra.de\/index.php\/wp-json\/wp\/v2\/pages"}],"about":[{"href":"https:\/\/steuerberatung-libra.de\/index.php\/wp-json\/wp\/v2\/types\/page"}],"author":[{"embeddable":true,"href":"https:\/\/steuerberatung-libra.de\/index.php\/wp-json\/wp\/v2\/users\/1"}],"replies":[{"embeddable":true,"href":"https:\/\/steuerberatung-libra.de\/index.php\/wp-json\/wp\/v2\/comments?post=1484"}],"version-history":[{"count":45,"href":"https:\/\/steuerberatung-libra.de\/index.php\/wp-json\/wp\/v2\/pages\/1484\/revisions"}],"predecessor-version":[{"id":2210,"href":"https:\/\/steuerberatung-libra.de\/index.php\/wp-json\/wp\/v2\/pages\/1484\/revisions\/2210"}],"wp:attachment":[{"href":"https:\/\/steuerberatung-libra.de\/index.php\/wp-json\/wp\/v2\/media?parent=1484"}],"curies":[{"name":"wp","href":"https:\/\/api.w.org\/{rel}","templated":true}]}}