{"id":17,"date":"2020-11-30T18:34:14","date_gmt":"2020-11-30T18:34:14","guid":{"rendered":"https:\/\/torney.progressionstudios.com\/?page_id=17"},"modified":"2022-07-26T11:47:30","modified_gmt":"2022-07-26T11:47:30","slug":"about","status":"publish","type":"page","link":"https:\/\/steuerberatung-libra.de\/index.php\/about\/","title":{"rendered":"Kanzlei"},"content":{"rendered":"\t\t<div data-elementor-type=\"wp-page\" data-elementor-id=\"17\" class=\"elementor elementor-17\" data-elementor-post-type=\"page\">\n\t\t\t\t\t\t<section class=\"elementor-section elementor-top-section elementor-element elementor-element-9fef660 elementor-section-content-middle elementor-section-boxed elementor-section-height-default elementor-section-height-default\" data-id=\"9fef660\" data-element_type=\"section\" data-settings=\"{&quot;background_background&quot;:&quot;classic&quot;}\">\n\t\t\t\t\t\t<div class=\"elementor-container elementor-column-gap-default\">\n\t\t\t\t\t<div class=\"elementor-column elementor-col-50 elementor-top-column elementor-element elementor-element-e638e5e elementor-invisible\" data-id=\"e638e5e\" data-element_type=\"column\" data-settings=\"{&quot;animation&quot;:&quot;fadeInLeft&quot;,&quot;animation_delay&quot;:900}\">\n\t\t\t<div class=\"elementor-widget-wrap elementor-element-populated\">\n\t\t\t\t\t\t<section class=\"elementor-section elementor-inner-section elementor-element elementor-element-487507b elementor-section-full_width elementor-section-height-default elementor-section-height-default\" data-id=\"487507b\" data-element_type=\"section\" data-settings=\"{&quot;animation&quot;:&quot;none&quot;,&quot;animation_delay&quot;:150}\">\n\t\t\t\t\t\t<div class=\"elementor-container elementor-column-gap-no\">\n\t\t\t\t\t<div class=\"elementor-column elementor-col-100 elementor-inner-column elementor-element elementor-element-7c10c93\" data-id=\"7c10c93\" data-element_type=\"column\">\n\t\t\t<div class=\"elementor-widget-wrap elementor-element-populated\">\n\t\t\t\t\t\t<div class=\"elementor-element elementor-element-0ba7c79 elementor-widget__width-auto elementor-widget-divider--view-line elementor-widget elementor-widget-divider\" data-id=\"0ba7c79\" data-element_type=\"widget\" data-widget_type=\"divider.default\">\n\t\t\t\t<div class=\"elementor-widget-container\">\n\t\t\t\t\t<div class=\"elementor-divider\">\n\t\t\t<span class=\"elementor-divider-separator\">\n\t\t\t\t\t\t<\/span>\n\t\t<\/div>\n\t\t\t\t<\/div>\n\t\t\t\t<\/div>\n\t\t\t\t<div class=\"elementor-element elementor-element-0d83b57 elementor-widget elementor-widget-heading\" data-id=\"0d83b57\" data-element_type=\"widget\" data-widget_type=\"heading.default\">\n\t\t\t\t<div class=\"elementor-widget-container\">\n\t\t\t<h1 class=\"elementor-heading-title elementor-size-default\">\u00dcber uns<\/h1>\t\t<\/div>\n\t\t\t\t<\/div>\n\t\t\t\t<div class=\"elementor-element elementor-element-30f1c05 elementor-widget elementor-widget-text-editor\" data-id=\"30f1c05\" data-element_type=\"widget\" data-widget_type=\"text-editor.default\">\n\t\t\t\t<div class=\"elementor-widget-container\">\n\t\t\t\t\t\t\t<p>Die LIBRA Steuerberatungsgesellschaft ist aus der ehemaligen Buch- und Steuerstelle der Privat\u00e4rztlichen Verrechnungsstelle hervorgegangen. Diese Buch- und Steuerstelle begann 1955 mit der Steuerberatung von \u00c4rzten.<\/p><p>1985 wurde die Buch- und Steuerstelle rechtlich aus der Privat\u00e4rztlichen Verrechnungsstelle ausgegliedert und in die LIBRA Steuerberatungsgesellschaft mbH \u00fcbertragen. Seit 2015 ist die LIBRA in der Rechtsform einer GmbH &amp; Co. KG t\u00e4tig.<\/p><p>Gesch\u00e4ftsf\u00fchrer sind Herr Steuerberater und Wirtschaftspr\u00fcfer Dr. Felix Schleithoff und Herr Steuerberater und Wirtschaftspr\u00fcfer Martin Mrozowski.<\/p>\t\t\t\t\t\t<\/div>\n\t\t\t\t<\/div>\n\t\t\t\t\t<\/div>\n\t\t<\/div>\n\t\t\t\t\t<\/div>\n\t\t<\/section>\n\t\t\t\t\t<\/div>\n\t\t<\/div>\n\t\t\t\t<div class=\"elementor-column elementor-col-50 elementor-top-column elementor-element elementor-element-5a96c76 elementor-invisible\" data-id=\"5a96c76\" data-element_type=\"column\" data-settings=\"{&quot;animation&quot;:&quot;fadeInRight&quot;,&quot;animation_delay&quot;:900}\">\n\t\t\t<div class=\"elementor-widget-wrap elementor-element-populated\">\n\t\t\t\t\t\t<div class=\"elementor-element elementor-element-7f5cd39 elementor-widget elementor-widget-image\" data-id=\"7f5cd39\" data-element_type=\"widget\" data-widget_type=\"image.default\">\n\t\t\t\t<div class=\"elementor-widget-container\">\n\t\t\t\t\t\t\t\t\t\t\t\t\t<img fetchpriority=\"high\" decoding=\"async\" width=\"768\" height=\"1024\" src=\"https:\/\/steuerberatung-libra.de\/wp-content\/uploads\/2022\/07\/libra-fachinformation-768x1024.jpg\" class=\"attachment-large size-large wp-image-1659\" alt=\"\" srcset=\"https:\/\/steuerberatung-libra.de\/wp-content\/uploads\/2022\/07\/libra-fachinformation-768x1024.jpg 768w, https:\/\/steuerberatung-libra.de\/wp-content\/uploads\/2022\/07\/libra-fachinformation-225x300.jpg 225w, https:\/\/steuerberatung-libra.de\/wp-content\/uploads\/2022\/07\/libra-fachinformation-1152x1536.jpg 1152w, https:\/\/steuerberatung-libra.de\/wp-content\/uploads\/2022\/07\/libra-fachinformation-1536x2048.jpg 1536w, https:\/\/steuerberatung-libra.de\/wp-content\/uploads\/2022\/07\/libra-fachinformation-scaled.jpg 1920w\" sizes=\"(max-width: 768px) 100vw, 768px\" \/>\t\t\t\t\t\t\t\t\t\t\t\t\t<\/div>\n\t\t\t\t<\/div>\n\t\t\t\t\t<\/div>\n\t\t<\/div>\n\t\t\t\t\t<\/div>\n\t\t<\/section>\n\t\t\t\t<section class=\"elementor-section elementor-top-section elementor-element elementor-element-d6b7f20 elementor-section-content-middle elementor-section-boxed elementor-section-height-default elementor-section-height-default\" data-id=\"d6b7f20\" data-element_type=\"section\" data-settings=\"{&quot;background_background&quot;:&quot;classic&quot;}\">\n\t\t\t\t\t\t<div class=\"elementor-container elementor-column-gap-default\">\n\t\t\t\t\t<div class=\"elementor-column elementor-col-50 elementor-top-column elementor-element elementor-element-cf151ab elementor-invisible\" data-id=\"cf151ab\" data-element_type=\"column\" data-settings=\"{&quot;animation&quot;:&quot;fadeInLeft&quot;,&quot;animation_delay&quot;:900}\">\n\t\t\t<div class=\"elementor-widget-wrap elementor-element-populated\">\n\t\t\t\t\t\t<section class=\"elementor-section elementor-inner-section elementor-element elementor-element-f5f3cef elementor-section-full_width elementor-section-height-default elementor-section-height-default\" data-id=\"f5f3cef\" data-element_type=\"section\" data-settings=\"{&quot;animation&quot;:&quot;none&quot;,&quot;animation_delay&quot;:150}\">\n\t\t\t\t\t\t<div class=\"elementor-container elementor-column-gap-no\">\n\t\t\t\t\t<div class=\"elementor-column elementor-col-100 elementor-inner-column elementor-element elementor-element-881709d\" data-id=\"881709d\" data-element_type=\"column\">\n\t\t\t<div class=\"elementor-widget-wrap elementor-element-populated\">\n\t\t\t\t\t\t<div class=\"elementor-element elementor-element-26d88fd elementor-widget__width-auto elementor-widget-divider--view-line elementor-widget elementor-widget-divider\" data-id=\"26d88fd\" data-element_type=\"widget\" data-widget_type=\"divider.default\">\n\t\t\t\t<div class=\"elementor-widget-container\">\n\t\t\t\t\t<div class=\"elementor-divider\">\n\t\t\t<span class=\"elementor-divider-separator\">\n\t\t\t\t\t\t<\/span>\n\t\t<\/div>\n\t\t\t\t<\/div>\n\t\t\t\t<\/div>\n\t\t\t\t<div class=\"elementor-element elementor-element-8187b03 elementor-widget elementor-widget-heading\" data-id=\"8187b03\" data-element_type=\"widget\" data-widget_type=\"heading.default\">\n\t\t\t\t<div class=\"elementor-widget-container\">\n\t\t\t<h1 class=\"elementor-heading-title elementor-size-default\">Standorte<\/h1>\t\t<\/div>\n\t\t\t\t<\/div>\n\t\t\t\t<div class=\"elementor-element elementor-element-82bab3e elementor-widget elementor-widget-text-editor\" data-id=\"82bab3e\" data-element_type=\"widget\" data-widget_type=\"text-editor.default\">\n\t\t\t\t<div class=\"elementor-widget-container\">\n\t\t\t\t\t\t\t<p>35 motivierte und leistungsf\u00e4hige Mitarbeiterinnen und Mitarbeiter k\u00fcmmern sich um Ihre s\u00e4mtlichen betriebswirtschaftlichen Belange. Das Ziel ist es, Steuern nicht zu verwalten, sondern zu gestalten.<\/p><p>Der Hauptsitz der LIBRA befindet sich seit mehr als 60 Jahren in M\u00fcnster. Daneben unterhalten wir f\u00fcr Sie Zweigniederlassungen in Bochum und Essen.<\/p><p>Der direkte Draht zu unseren Mandanten und der pers\u00f6nliche Austausch von Mensch zu Mensch liegt uns am Herzen. Wir sind auf kurzem Wege und auf komfortable Art und Weise f\u00fcr Sie erreichbar.<\/p>\t\t\t\t\t\t<\/div>\n\t\t\t\t<\/div>\n\t\t\t\t\t<\/div>\n\t\t<\/div>\n\t\t\t\t\t<\/div>\n\t\t<\/section>\n\t\t\t\t\t<\/div>\n\t\t<\/div>\n\t\t\t\t<div class=\"elementor-column elementor-col-50 elementor-top-column elementor-element elementor-element-61cc5b4 elementor-invisible\" data-id=\"61cc5b4\" data-element_type=\"column\" data-settings=\"{&quot;animation&quot;:&quot;fadeInRight&quot;,&quot;animation_delay&quot;:900}\">\n\t\t\t<div class=\"elementor-widget-wrap\">\n\t\t\t\t\t\t\t<\/div>\n\t\t<\/div>\n\t\t\t\t\t<\/div>\n\t\t<\/section>\n\t\t\t\t<section class=\"elementor-section elementor-top-section elementor-element elementor-element-e108b26 elementor-section-content-middle elementor-section-boxed elementor-section-height-default elementor-section-height-default\" data-id=\"e108b26\" data-element_type=\"section\" data-settings=\"{&quot;background_background&quot;:&quot;classic&quot;}\">\n\t\t\t\t\t\t<div class=\"elementor-container elementor-column-gap-default\">\n\t\t\t\t\t<div class=\"elementor-column elementor-col-50 elementor-top-column elementor-element elementor-element-4f117c4 elementor-invisible\" data-id=\"4f117c4\" data-element_type=\"column\" data-settings=\"{&quot;animation&quot;:&quot;fadeInLeft&quot;,&quot;animation_delay&quot;:900}\">\n\t\t\t<div class=\"elementor-widget-wrap elementor-element-populated\">\n\t\t\t\t\t\t<section class=\"elementor-section elementor-inner-section elementor-element elementor-element-1bbd101 elementor-section-full_width elementor-section-height-default elementor-section-height-default\" data-id=\"1bbd101\" data-element_type=\"section\" data-settings=\"{&quot;animation&quot;:&quot;none&quot;,&quot;animation_delay&quot;:150}\">\n\t\t\t\t\t\t<div class=\"elementor-container elementor-column-gap-no\">\n\t\t\t\t\t<div class=\"elementor-column elementor-col-100 elementor-inner-column elementor-element elementor-element-f13eb52\" data-id=\"f13eb52\" data-element_type=\"column\">\n\t\t\t<div class=\"elementor-widget-wrap elementor-element-populated\">\n\t\t\t\t\t\t<div class=\"elementor-element elementor-element-cf09087 elementor-widget__width-auto elementor-widget-divider--view-line elementor-widget elementor-widget-divider\" data-id=\"cf09087\" data-element_type=\"widget\" data-widget_type=\"divider.default\">\n\t\t\t\t<div class=\"elementor-widget-container\">\n\t\t\t\t\t<div class=\"elementor-divider\">\n\t\t\t<span class=\"elementor-divider-separator\">\n\t\t\t\t\t\t<\/span>\n\t\t<\/div>\n\t\t\t\t<\/div>\n\t\t\t\t<\/div>\n\t\t\t\t<div class=\"elementor-element elementor-element-73594be elementor-widget elementor-widget-heading\" data-id=\"73594be\" data-element_type=\"widget\" data-widget_type=\"heading.default\">\n\t\t\t\t<div class=\"elementor-widget-container\">\n\t\t\t<h1 class=\"elementor-heading-title elementor-size-default\">LIBRA Steuerberatungsgesellschaft GmbH & Co. KG\u200b<\/h1>\t\t<\/div>\n\t\t\t\t<\/div>\n\t\t\t\t<div class=\"elementor-element elementor-element-97d6a60 elementor-widget elementor-widget-heading\" data-id=\"97d6a60\" data-element_type=\"widget\" data-widget_type=\"heading.default\">\n\t\t\t\t<div class=\"elementor-widget-container\">\n\t\t\t<h6 class=\"elementor-heading-title elementor-size-default\">Hauptsitz<\/h6>\t\t<\/div>\n\t\t\t\t<\/div>\n\t\t\t\t<div class=\"elementor-element elementor-element-763ea7f elementor-widget elementor-widget-text-editor\" data-id=\"763ea7f\" data-element_type=\"widget\" data-widget_type=\"text-editor.default\">\n\t\t\t\t<div class=\"elementor-widget-container\">\n\t\t\t\t\t\t\t<p>Feldstiege 70<br \/>48161 M\u00fcnster<br \/>Tel. 02533 93930<br \/>Fax 02533 9303 99<br \/><a href=\"mailto:info@steuerberatung-libra.de.de\">info@steuerberatung-libra.de<\/a><br \/><a href=\"http:\/\/www.steuerberatung-libra.de\/\">www.steuerberatung-libra.de<\/a><\/p>\t\t\t\t\t\t<\/div>\n\t\t\t\t<\/div>\n\t\t\t\t<div class=\"elementor-element elementor-element-6e2fca9 elementor-widget elementor-widget-heading\" data-id=\"6e2fca9\" data-element_type=\"widget\" data-widget_type=\"heading.default\">\n\t\t\t\t<div class=\"elementor-widget-container\">\n\t\t\t<h6 class=\"elementor-heading-title elementor-size-default\">Zweigniederlassungen<\/h6>\t\t<\/div>\n\t\t\t\t<\/div>\n\t\t\t\t<div class=\"elementor-element elementor-element-dffbabf elementor-widget elementor-widget-text-editor\" data-id=\"dffbabf\" data-element_type=\"widget\" data-widget_type=\"text-editor.default\">\n\t\t\t\t<div class=\"elementor-widget-container\">\n\t\t\t\t\t\t\t<p>Im Teelbruch 128<br \/>45219 Essen-Kettwig<br \/>Tel. 02054 952777<br \/>Fax 02054 952778<br \/><a href=\"mailto:info@steuerberatung-libra.de.de\">info@steuerberatung-libra.de<\/a><br \/><a href=\"http:\/\/www.steuerberatung-libra.de\/\">www.steuerberatung-libra.de<\/a><\/p>\t\t\t\t\t\t<\/div>\n\t\t\t\t<\/div>\n\t\t\t\t<div class=\"elementor-element elementor-element-0206fb1 elementor-widget elementor-widget-text-editor\" data-id=\"0206fb1\" data-element_type=\"widget\" data-widget_type=\"text-editor.default\">\n\t\t\t\t<div class=\"elementor-widget-container\">\n\t\t\t\t\t\t\t<p>K\u00f6nigsallee 47<br \/>44789 Bochum<br \/>Tel. 0234 9303 432<br \/>Fax 0234 9303 433<br \/><a href=\"mailto:info@steuerberatung-libra.de.de\">info@steuerberatung-libra.de<\/a><br \/><a href=\"http:\/\/www.steuerberatung-libra.de\/\">www.steuerberatung-libra.de<\/a><\/p>\t\t\t\t\t\t<\/div>\n\t\t\t\t<\/div>\n\t\t\t\t\t<\/div>\n\t\t<\/div>\n\t\t\t\t\t<\/div>\n\t\t<\/section>\n\t\t\t\t\t<\/div>\n\t\t<\/div>\n\t\t\t\t<div class=\"elementor-column elementor-col-50 elementor-top-column elementor-element elementor-element-7c9adbb elementor-invisible\" data-id=\"7c9adbb\" data-element_type=\"column\" data-settings=\"{&quot;animation&quot;:&quot;fadeInRight&quot;,&quot;animation_delay&quot;:900}\">\n\t\t\t<div class=\"elementor-widget-wrap elementor-element-populated\">\n\t\t\t\t\t\t<div class=\"elementor-element elementor-element-4346e42 elementor-widget elementor-widget-google_maps\" data-id=\"4346e42\" data-element_type=\"widget\" data-widget_type=\"google_maps.default\">\n\t\t\t\t<div class=\"elementor-widget-container\">\n\t\t\t\t\t<div class=\"elementor-custom-embed\">\n\t\t\t<iframe loading=\"lazy\"\n\t\t\t\t\tsrc=\"https:\/\/maps.google.com\/maps?q=Feldstiege%2070%2048161%20M%C3%BCnster&#038;t=m&#038;z=10&#038;output=embed&#038;iwloc=near\"\n\t\t\t\t\ttitle=\"Feldstiege 70 48161 M\u00fcnster\"\n\t\t\t\t\taria-label=\"Feldstiege 70 48161 M\u00fcnster\"\n\t\t\t><\/iframe>\n\t\t<\/div>\n\t\t\t\t<\/div>\n\t\t\t\t<\/div>\n\t\t\t\t<div class=\"elementor-element elementor-element-8f421aa elementor-widget elementor-widget-google_maps\" data-id=\"8f421aa\" data-element_type=\"widget\" data-widget_type=\"google_maps.default\">\n\t\t\t\t<div class=\"elementor-widget-container\">\n\t\t\t\t\t<div class=\"elementor-custom-embed\">\n\t\t\t<iframe loading=\"lazy\"\n\t\t\t\t\tsrc=\"https:\/\/maps.google.com\/maps?q=Im%20Teelbruch%20128%2045219%20Essen-Kettwig&#038;t=m&#038;z=10&#038;output=embed&#038;iwloc=near\"\n\t\t\t\t\ttitle=\"Im Teelbruch 128 45219 Essen-Kettwig\"\n\t\t\t\t\taria-label=\"Im Teelbruch 128 45219 Essen-Kettwig\"\n\t\t\t><\/iframe>\n\t\t<\/div>\n\t\t\t\t<\/div>\n\t\t\t\t<\/div>\n\t\t\t\t<div class=\"elementor-element elementor-element-922be9d elementor-widget elementor-widget-google_maps\" data-id=\"922be9d\" data-element_type=\"widget\" data-widget_type=\"google_maps.default\">\n\t\t\t\t<div class=\"elementor-widget-container\">\n\t\t\t\t\t<div class=\"elementor-custom-embed\">\n\t\t\t<iframe loading=\"lazy\"\n\t\t\t\t\tsrc=\"https:\/\/maps.google.com\/maps?q=K%C3%B6nigsallee%2047%2044789%20Bochum&#038;t=m&#038;z=10&#038;output=embed&#038;iwloc=near\"\n\t\t\t\t\ttitle=\"K\u00f6nigsallee 47 44789 Bochum\"\n\t\t\t\t\taria-label=\"K\u00f6nigsallee 47 44789 Bochum\"\n\t\t\t><\/iframe>\n\t\t<\/div>\n\t\t\t\t<\/div>\n\t\t\t\t<\/div>\n\t\t\t\t\t<\/div>\n\t\t<\/div>\n\t\t\t\t\t<\/div>\n\t\t<\/section>\n\t\t\t\t<\/div>\n\t\t","protected":false},"excerpt":{"rendered":"<p>\u00dcber uns Die LIBRA Steuerberatungsgesellschaft ist aus der ehemaligen Buch- und Steuerstelle der Privat\u00e4rztlichen Verrechnungsstelle hervorgegangen. Diese Buch- und Steuerstelle begann 1955 mit der Steuerberatung von \u00c4rzten. 1985 wurde die Buch- und Steuerstelle rechtlich aus der Privat\u00e4rztlichen Verrechnungsstelle ausgegliedert und in die LIBRA Steuerberatungsgesellschaft mbH \u00fcbertragen. Seit 2015 ist die LIBRA in der Rechtsform einer [&hellip;]<\/p>\n","protected":false},"author":1,"featured_media":0,"parent":0,"menu_order":0,"comment_status":"closed","ping_status":"closed","template":"","meta":{"footnotes":""},"class_list":["post-17","page","type-page","status-publish","hentry"],"yoast_head":"<!-- This site is optimized with the Yoast SEO plugin v23.4 - https:\/\/yoast.com\/wordpress\/plugins\/seo\/ -->\n<title>Kanzlei - Libra Steuerberatung<\/title>\n<meta name=\"robots\" content=\"index, follow, max-snippet:-1, max-image-preview:large, max-video-preview:-1\" \/>\n<link rel=\"canonical\" href=\"https:\/\/steuerberatung-libra.de\/index.php\/about\/\" \/>\n<meta property=\"og:locale\" content=\"de_DE\" \/>\n<meta property=\"og:type\" content=\"article\" \/>\n<meta property=\"og:title\" content=\"Kanzlei - Libra Steuerberatung\" \/>\n<meta property=\"og:description\" content=\"\u00dcber uns Die LIBRA Steuerberatungsgesellschaft ist aus der ehemaligen Buch- und Steuerstelle der Privat\u00e4rztlichen Verrechnungsstelle hervorgegangen. Diese Buch- und Steuerstelle begann 1955 mit der Steuerberatung von \u00c4rzten. 1985 wurde die Buch- und Steuerstelle rechtlich aus der Privat\u00e4rztlichen Verrechnungsstelle ausgegliedert und in die LIBRA Steuerberatungsgesellschaft mbH \u00fcbertragen. Seit 2015 ist die LIBRA in der Rechtsform einer [&hellip;]\" \/>\n<meta property=\"og:url\" content=\"https:\/\/steuerberatung-libra.de\/index.php\/about\/\" \/>\n<meta property=\"og:site_name\" content=\"Libra Steuerberatung\" \/>\n<meta property=\"article:modified_time\" content=\"2022-07-26T11:47:30+00:00\" \/>\n<meta property=\"og:image\" content=\"https:\/\/libra.upk-baustelle.de\/wp-content\/uploads\/2022\/07\/libra-fachinformation-768x1024.jpg\" \/>\n<meta name=\"twitter:card\" content=\"summary_large_image\" \/>\n<meta name=\"twitter:label1\" content=\"Gesch\u00e4tzte Lesezeit\" \/>\n\t<meta name=\"twitter:data1\" content=\"2\u00a0Minuten\" \/>\n<script type=\"application\/ld+json\" class=\"yoast-schema-graph\">{\"@context\":\"https:\/\/schema.org\",\"@graph\":[{\"@type\":\"WebPage\",\"@id\":\"https:\/\/steuerberatung-libra.de\/index.php\/about\/\",\"url\":\"https:\/\/steuerberatung-libra.de\/index.php\/about\/\",\"name\":\"Kanzlei - Libra Steuerberatung\",\"isPartOf\":{\"@id\":\"https:\/\/steuerberatung-libra.de\/#website\"},\"primaryImageOfPage\":{\"@id\":\"https:\/\/steuerberatung-libra.de\/index.php\/about\/#primaryimage\"},\"image\":{\"@id\":\"https:\/\/steuerberatung-libra.de\/index.php\/about\/#primaryimage\"},\"thumbnailUrl\":\"https:\/\/libra.upk-baustelle.de\/wp-content\/uploads\/2022\/07\/libra-fachinformation-768x1024.jpg\",\"datePublished\":\"2020-11-30T18:34:14+00:00\",\"dateModified\":\"2022-07-26T11:47:30+00:00\",\"breadcrumb\":{\"@id\":\"https:\/\/steuerberatung-libra.de\/index.php\/about\/#breadcrumb\"},\"inLanguage\":\"de\",\"potentialAction\":[{\"@type\":\"ReadAction\",\"target\":[\"https:\/\/steuerberatung-libra.de\/index.php\/about\/\"]}]},{\"@type\":\"ImageObject\",\"inLanguage\":\"de\",\"@id\":\"https:\/\/steuerberatung-libra.de\/index.php\/about\/#primaryimage\",\"url\":\"https:\/\/libra.upk-baustelle.de\/wp-content\/uploads\/2022\/07\/libra-fachinformation-768x1024.jpg\",\"contentUrl\":\"https:\/\/libra.upk-baustelle.de\/wp-content\/uploads\/2022\/07\/libra-fachinformation-768x1024.jpg\"},{\"@type\":\"BreadcrumbList\",\"@id\":\"https:\/\/steuerberatung-libra.de\/index.php\/about\/#breadcrumb\",\"itemListElement\":[{\"@type\":\"ListItem\",\"position\":1,\"name\":\"Startseite\",\"item\":\"https:\/\/steuerberatung-libra.de\/\"},{\"@type\":\"ListItem\",\"position\":2,\"name\":\"Kanzlei\"}]},{\"@type\":\"WebSite\",\"@id\":\"https:\/\/steuerberatung-libra.de\/#website\",\"url\":\"https:\/\/steuerberatung-libra.de\/\",\"name\":\"Libra Steuerberatung\",\"description\":\"Just another WordPress site\",\"potentialAction\":[{\"@type\":\"SearchAction\",\"target\":{\"@type\":\"EntryPoint\",\"urlTemplate\":\"https:\/\/steuerberatung-libra.de\/?s={search_term_string}\"},\"query-input\":{\"@type\":\"PropertyValueSpecification\",\"valueRequired\":true,\"valueName\":\"search_term_string\"}}],\"inLanguage\":\"de\"}]}<\/script>\n<!-- \/ Yoast SEO plugin. -->","yoast_head_json":{"title":"Kanzlei - Libra Steuerberatung","robots":{"index":"index","follow":"follow","max-snippet":"max-snippet:-1","max-image-preview":"max-image-preview:large","max-video-preview":"max-video-preview:-1"},"canonical":"https:\/\/steuerberatung-libra.de\/index.php\/about\/","og_locale":"de_DE","og_type":"article","og_title":"Kanzlei - Libra Steuerberatung","og_description":"\u00dcber uns Die LIBRA Steuerberatungsgesellschaft ist aus der ehemaligen Buch- und Steuerstelle der Privat\u00e4rztlichen Verrechnungsstelle hervorgegangen. Diese Buch- und Steuerstelle begann 1955 mit der Steuerberatung von \u00c4rzten. 1985 wurde die Buch- und Steuerstelle rechtlich aus der Privat\u00e4rztlichen Verrechnungsstelle ausgegliedert und in die LIBRA Steuerberatungsgesellschaft mbH \u00fcbertragen. Seit 2015 ist die LIBRA in der Rechtsform einer [&hellip;]","og_url":"https:\/\/steuerberatung-libra.de\/index.php\/about\/","og_site_name":"Libra Steuerberatung","article_modified_time":"2022-07-26T11:47:30+00:00","og_image":[{"url":"https:\/\/libra.upk-baustelle.de\/wp-content\/uploads\/2022\/07\/libra-fachinformation-768x1024.jpg"}],"twitter_card":"summary_large_image","twitter_misc":{"Gesch\u00e4tzte Lesezeit":"2\u00a0Minuten"},"schema":{"@context":"https:\/\/schema.org","@graph":[{"@type":"WebPage","@id":"https:\/\/steuerberatung-libra.de\/index.php\/about\/","url":"https:\/\/steuerberatung-libra.de\/index.php\/about\/","name":"Kanzlei - Libra Steuerberatung","isPartOf":{"@id":"https:\/\/steuerberatung-libra.de\/#website"},"primaryImageOfPage":{"@id":"https:\/\/steuerberatung-libra.de\/index.php\/about\/#primaryimage"},"image":{"@id":"https:\/\/steuerberatung-libra.de\/index.php\/about\/#primaryimage"},"thumbnailUrl":"https:\/\/libra.upk-baustelle.de\/wp-content\/uploads\/2022\/07\/libra-fachinformation-768x1024.jpg","datePublished":"2020-11-30T18:34:14+00:00","dateModified":"2022-07-26T11:47:30+00:00","breadcrumb":{"@id":"https:\/\/steuerberatung-libra.de\/index.php\/about\/#breadcrumb"},"inLanguage":"de","potentialAction":[{"@type":"ReadAction","target":["https:\/\/steuerberatung-libra.de\/index.php\/about\/"]}]},{"@type":"ImageObject","inLanguage":"de","@id":"https:\/\/steuerberatung-libra.de\/index.php\/about\/#primaryimage","url":"https:\/\/libra.upk-baustelle.de\/wp-content\/uploads\/2022\/07\/libra-fachinformation-768x1024.jpg","contentUrl":"https:\/\/libra.upk-baustelle.de\/wp-content\/uploads\/2022\/07\/libra-fachinformation-768x1024.jpg"},{"@type":"BreadcrumbList","@id":"https:\/\/steuerberatung-libra.de\/index.php\/about\/#breadcrumb","itemListElement":[{"@type":"ListItem","position":1,"name":"Startseite","item":"https:\/\/steuerberatung-libra.de\/"},{"@type":"ListItem","position":2,"name":"Kanzlei"}]},{"@type":"WebSite","@id":"https:\/\/steuerberatung-libra.de\/#website","url":"https:\/\/steuerberatung-libra.de\/","name":"Libra Steuerberatung","description":"Just another WordPress site","potentialAction":[{"@type":"SearchAction","target":{"@type":"EntryPoint","urlTemplate":"https:\/\/steuerberatung-libra.de\/?s={search_term_string}"},"query-input":{"@type":"PropertyValueSpecification","valueRequired":true,"valueName":"search_term_string"}}],"inLanguage":"de"}]}},"_links":{"self":[{"href":"https:\/\/steuerberatung-libra.de\/index.php\/wp-json\/wp\/v2\/pages\/17","targetHints":{"allow":["GET"]}}],"collection":[{"href":"https:\/\/steuerberatung-libra.de\/index.php\/wp-json\/wp\/v2\/pages"}],"about":[{"href":"https:\/\/steuerberatung-libra.de\/index.php\/wp-json\/wp\/v2\/types\/page"}],"author":[{"embeddable":true,"href":"https:\/\/steuerberatung-libra.de\/index.php\/wp-json\/wp\/v2\/users\/1"}],"replies":[{"embeddable":true,"href":"https:\/\/steuerberatung-libra.de\/index.php\/wp-json\/wp\/v2\/comments?post=17"}],"version-history":[{"count":48,"href":"https:\/\/steuerberatung-libra.de\/index.php\/wp-json\/wp\/v2\/pages\/17\/revisions"}],"predecessor-version":[{"id":1806,"href":"https:\/\/steuerberatung-libra.de\/index.php\/wp-json\/wp\/v2\/pages\/17\/revisions\/1806"}],"wp:attachment":[{"href":"https:\/\/steuerberatung-libra.de\/index.php\/wp-json\/wp\/v2\/media?parent=17"}],"curies":[{"name":"wp","href":"https:\/\/api.w.org\/{rel}","templated":true}]}}